{"id":2,"date":"2020-09-06T11:59:49","date_gmt":"2020-09-06T14:59:49","guid":{"rendered":"https:\/\/sefservicosadm.com.br\/?page_id=2"},"modified":"2020-09-17T20:06:03","modified_gmt":"2020-09-17T23:06:03","slug":"pagina-exemplo","status":"publish","type":"page","link":"https:\/\/sefservicosadm.com.br\/","title":{"rendered":"SEF SERVI\u00c7OS"},"content":{"rendered":"\n<p>Seu parceiro fiscal<\/p>\n\n\n\n<blockquote class=\"wp-block-quote\"><p>Solu\u00e7\u00f5es fiscais, com resultados r\u00e1pidos e eficazes.<\/p><\/blockquote>\n\n\n\n<p><\/p>\n\n\n\n<blockquote class=\"wp-block-quote\"><p>A Companhia de Miniaturas XYZ foi fundada em 1971, e desde ent\u00e3o tem fornecido miniaturas de qualidade ao p\u00fablico. Localizada na cidade de Itu, a XYZ emprega mais de 2.000 pessoas e faz coisas grandiosas para a comunidade da cidade.<\/p><\/blockquote>\n\n\n\n<p>Como um novo usu\u00e1rio do WordPress, voc\u00ea deveria ir ao <a href=\"https:\/\/sefservicosadm.com.br\/wp-admin\/\">painel<\/a> para excluir essa p\u00e1gina e criar novas p\u00e1ginas para o seu conte\u00fado. Divirta-se!<\/p>\n","protected":false},"excerpt":{"rendered":"<p>Seu parceiro fiscal Solu\u00e7\u00f5es fiscais, com resultados r\u00e1pidos e eficazes. A Companhia de Miniaturas XYZ foi fundada em 1971, e [&hellip;]<\/p>\n","protected":false},"author":1,"featured_media":0,"parent":0,"menu_order":0,"comment_status":"closed","ping_status":"open","template":"","meta":[],"_links":{"self":[{"href":"https:\/\/sefservicosadm.com.br\/index.php\/wp-json\/wp\/v2\/pages\/2"}],"collection":[{"href":"https:\/\/sefservicosadm.com.br\/index.php\/wp-json\/wp\/v2\/pages"}],"about":[{"href":"https:\/\/sefservicosadm.com.br\/index.php\/wp-json\/wp\/v2\/types\/page"}],"author":[{"embeddable":true,"href":"https:\/\/sefservicosadm.com.br\/index.php\/wp-json\/wp\/v2\/users\/1"}],"replies":[{"embeddable":true,"href":"https:\/\/sefservicosadm.com.br\/index.php\/wp-json\/wp\/v2\/comments?post=2"}],"version-history":[{"count":4,"href":"https:\/\/sefservicosadm.com.br\/index.php\/wp-json\/wp\/v2\/pages\/2\/revisions"}],"predecessor-version":[{"id":50,"href":"https:\/\/sefservicosadm.com.br\/index.php\/wp-json\/wp\/v2\/pages\/2\/revisions\/50"}],"wp:attachment":[{"href":"https:\/\/sefservicosadm.com.br\/index.php\/wp-json\/wp\/v2\/media?parent=2"}],"curies":[{"name":"wp","href":"https:\/\/api.w.org\/{rel}","templated":true}]}}